{"id":104,"date":"2020-09-15T21:12:13","date_gmt":"2020-09-15T21:12:13","guid":{"rendered":"https:\/\/paralimpik.tekalp.com\/?page_id=104"},"modified":"2020-09-15T21:12:13","modified_gmt":"2020-09-15T21:12:13","slug":"paralimpik-spor-kulubu","status":"publish","type":"page","link":"https:\/\/psk01.org.tr\/?page_id=104","title":{"rendered":"PARAL\u0130MP\u0130K SPOR KUL\u00dcB\u00dc"},"content":{"rendered":"<p>PARAL\u0130MP\u0130K SPOR KUL\u00dcB\u00dc<\/p>\n<p>2002 Y\u0131l\u0131ndan beri Adana ilinde faaliyet g\u00f6steren \u00d6zel Sporcular t\u00fcm spor dallar\u0131, Atletizm, G\u00fcre\u015f, Basketbol, Futbol, Bocce, Cimnastik, Karate spor dallar\u0131nda bir\u00e7ok ba\u015far\u0131 kazanm\u0131\u015f bir spor kurulu\u015fudur.<\/p>\n","protected":false},"excerpt":{"rendered":"<p>PARAL\u0130MP\u0130K SPOR KUL\u00dcB\u00dc 2002 Y\u0131l\u0131ndan beri Adana ilinde faaliyet g\u00f6steren \u00d6zel Sporcular t\u00fcm spor dallar\u0131, Atletizm, G\u00fcre\u015f, Basketbol, Futbol, Bocce, Cimnastik, Karate spor dallar\u0131nda bir\u00e7ok ba\u015far\u0131 kazanm\u0131\u015f bir spor kurulu\u015fudur.<\/p>\n","protected":false},"author":1,"featured_media":0,"parent":0,"menu_order":0,"comment_status":"closed","ping_status":"closed","template":"","meta":{"footnotes":""},"class_list":["post-104","page","type-page","status-publish","hentry"],"_links":{"self":[{"href":"https:\/\/psk01.org.tr\/index.php?rest_route=\/wp\/v2\/pages\/104","targetHints":{"allow":["GET"]}}],"collection":[{"href":"https:\/\/psk01.org.tr\/index.php?rest_route=\/wp\/v2\/pages"}],"about":[{"href":"https:\/\/psk01.org.tr\/index.php?rest_route=\/wp\/v2\/types\/page"}],"author":[{"embeddable":true,"href":"https:\/\/psk01.org.tr\/index.php?rest_route=\/wp\/v2\/users\/1"}],"replies":[{"embeddable":true,"href":"https:\/\/psk01.org.tr\/index.php?rest_route=%2Fwp%2Fv2%2Fcomments&post=104"}],"version-history":[{"count":0,"href":"https:\/\/psk01.org.tr\/index.php?rest_route=\/wp\/v2\/pages\/104\/revisions"}],"wp:attachment":[{"href":"https:\/\/psk01.org.tr\/index.php?rest_route=%2Fwp%2Fv2%2Fmedia&parent=104"}],"curies":[{"name":"wp","href":"https:\/\/api.w.org\/{rel}","templated":true}]}}