{"id":48,"date":"2023-01-21T21:32:42","date_gmt":"2023-01-21T21:32:42","guid":{"rendered":"https:\/\/paralimpik.tekalp.com\/?page_id=48"},"modified":"2023-01-21T21:32:42","modified_gmt":"2023-01-21T21:32:42","slug":"dssm-down-sendromluyum-sporla-mutluyum","status":"publish","type":"page","link":"https:\/\/psk01.org.tr\/?page_id=48","title":{"rendered":"DSSM-DOWN SENDROMLUYUM, SPORLA MUTLUYUM"},"content":{"rendered":"<p>DSSM-DOWN SENDROMLUYUM, SPORLA MUTLUYUM<\/p>\n<p>&nbsp;<\/p>\n<p>Kul\u00fcb\u00fcm\u00fcz 2000 y\u0131l\u0131ndan beri \u00f6zel gereksinimli bireylere y\u00f6nelik spor hizmetleri sunmaktad\u0131r. 2015 y\u0131l\u0131nda AB Erasmus ve \u00dclke i\u00e7i projelerine kat\u0131l\u0131m i\u00e7in proje koordinasyon birimi olu\u015fturulmu\u015ftur. 2023 y\u0131l\u0131 ba\u015flang\u0131c\u0131 ile birlikte Spor projesi haz\u0131rlanarak ba\u015fvuru yap\u0131lm\u0131\u015ft\u0131r. T\u00fcm sporcular\u0131m\u0131za ba\u015far\u0131lar dileriz. down Sendromluyum, Sporla Mutluyum projesi ile kul\u00fcb\u00fcm\u00fcz kat\u0131l\u0131mc\u0131lar\u0131na farkl\u0131 beceriler kazand\u0131rmay\u0131 ama\u00e7l\u0131yoruz.<\/p>\n","protected":false},"excerpt":{"rendered":"<p>DSSM-DOWN SENDROMLUYUM, SPORLA MUTLUYUM &nbsp; Kul\u00fcb\u00fcm\u00fcz 2000 y\u0131l\u0131ndan beri \u00f6zel gereksinimli bireylere y\u00f6nelik spor hizmetleri sunmaktad\u0131r. 2015 y\u0131l\u0131nda AB Erasmus ve \u00dclke i\u00e7i projelerine kat\u0131l\u0131m i\u00e7in proje koordinasyon birimi olu\u015fturulmu\u015ftur. 2023 y\u0131l\u0131 ba\u015flang\u0131c\u0131 ile birlikte Spor projesi haz\u0131rlanarak ba\u015fvuru yap\u0131lm\u0131\u015ft\u0131r. T\u00fcm sporcular\u0131m\u0131za ba\u015far\u0131lar dileriz. down Sendromluyum, Sporla Mutluyum projesi ile kul\u00fcb\u00fcm\u00fcz kat\u0131l\u0131mc\u0131lar\u0131na farkl\u0131 beceriler kazand\u0131rmay\u0131 [&hellip;]<\/p>\n","protected":false},"author":1,"featured_media":0,"parent":0,"menu_order":0,"comment_status":"closed","ping_status":"closed","template":"","meta":{"footnotes":""},"class_list":["post-48","page","type-page","status-publish","hentry"],"_links":{"self":[{"href":"https:\/\/psk01.org.tr\/index.php?rest_route=\/wp\/v2\/pages\/48","targetHints":{"allow":["GET"]}}],"collection":[{"href":"https:\/\/psk01.org.tr\/index.php?rest_route=\/wp\/v2\/pages"}],"about":[{"href":"https:\/\/psk01.org.tr\/index.php?rest_route=\/wp\/v2\/types\/page"}],"author":[{"embeddable":true,"href":"https:\/\/psk01.org.tr\/index.php?rest_route=\/wp\/v2\/users\/1"}],"replies":[{"embeddable":true,"href":"https:\/\/psk01.org.tr\/index.php?rest_route=%2Fwp%2Fv2%2Fcomments&post=48"}],"version-history":[{"count":0,"href":"https:\/\/psk01.org.tr\/index.php?rest_route=\/wp\/v2\/pages\/48\/revisions"}],"wp:attachment":[{"href":"https:\/\/psk01.org.tr\/index.php?rest_route=%2Fwp%2Fv2%2Fmedia&parent=48"}],"curies":[{"name":"wp","href":"https:\/\/api.w.org\/{rel}","templated":true}]}}